{"id":1714,"date":"2021-11-21T15:12:46","date_gmt":"2021-11-21T15:12:46","guid":{"rendered":"https:\/\/irmina.webprofitstudio.pl\/index.php\/home\/"},"modified":"2025-01-28T11:08:01","modified_gmt":"2025-01-28T11:08:01","slug":"home","status":"publish","type":"page","link":"https:\/\/lakehousenakielno.pl\/","title":{"rendered":"Home"},"content":{"rendered":"\t\t<div data-elementor-type=\"wp-page\" data-elementor-id=\"1714\" class=\"elementor elementor-1714\">\n\t\t\t\t<div class=\"elementor-element elementor-element-9e1a3b7 e-flex e-con-boxed e-con e-parent\" data-id=\"9e1a3b7\" data-element_type=\"container\" data-settings=\"{&quot;background_background&quot;:&quot;classic&quot;}\">\n\t\t\t\t\t<div class=\"e-con-inner\">\n\t\t<div class=\"elementor-element elementor-element-8f73ee5 e-con-full e-flex e-con e-child\" data-id=\"8f73ee5\" data-element_type=\"container\">\n\t\t\t\t<div class=\"elementor-element elementor-element-93873aa elementor-widget elementor-widget-heading\" data-id=\"93873aa\" data-element_type=\"widget\" data-widget_type=\"heading.default\">\n\t\t\t\t<div class=\"elementor-widget-container\">\n\t\t\t\t\t<h1 class=\"elementor-heading-title elementor-size-large\"><b>lakehouse nakielno<\/b><\/h1>\t\t\t\t<\/div>\n\t\t\t\t<\/div>\n\t\t\t\t<div class=\"elementor-element elementor-element-e46045d elementor-widget elementor-widget-text-editor\" data-id=\"e46045d\" data-element_type=\"widget\" data-widget_type=\"text-editor.default\">\n\t\t\t\t<div class=\"elementor-widget-container\">\n\t\t\t\t\t\t\t\t\t<p><b>cisza, ja i las<\/b>.<\/p>\t\t\t\t\t\t\t\t<\/div>\n\t\t\t\t<\/div>\n\t\t\t\t<\/div>\n\t\t\t\t\t<\/div>\n\t\t\t\t<\/div>\n\t\t<div class=\"elementor-element elementor-element-96bd614 e-flex e-con-boxed e-con e-parent\" data-id=\"96bd614\" data-element_type=\"container\">\n\t\t\t\t\t<div class=\"e-con-inner\">\n\t\t<div class=\"elementor-element elementor-element-f6f7e27 e-flex e-con-boxed e-con e-child\" data-id=\"f6f7e27\" data-element_type=\"container\">\n\t\t\t\t\t<div class=\"e-con-inner\">\n\t\t<div class=\"elementor-element elementor-element-13370d5 e-flex e-con-boxed e-con e-child\" data-id=\"13370d5\" data-element_type=\"container\">\n\t\t\t\t\t<div class=\"e-con-inner\">\n\t\t\t\t<div class=\"elementor-element elementor-element-13d51e5 elementor-widget__width-initial elementor-widget elementor-widget-text-editor\" data-id=\"13d51e5\" data-element_type=\"widget\" data-widget_type=\"text-editor.default\">\n\t\t\t\t<div class=\"elementor-widget-container\">\n\t\t\t\t\t\t\t\t\t<p>Witamy w naszym zaciszu po\u0142o\u017conym w sercu natury \u2013 uroczym sanktuarium nad jeziorem, kt\u00f3re czeka na Twoje przybycie. Ukryta w spokojnym zak\u0105tku, otoczona bujnymi drzewami i rozleg\u0142ymi lasami, nasza przysta\u0144 oferuje wytchnienie od zgie\u0142ku codziennego \u017cycia.<\/p><p>Wyobra\u017a sobie, \u017ce budzisz si\u0119 przy delikatnym szele\u015bcie li\u015bci i melodyjnej symfonii \u015bpiewu ptak\u00f3w, gdy \u015bwiat\u0142o s\u0142oneczne przenika przez zielony baldachim, maluj\u0105c na ziemi wzory ciep\u0142a. Niezale\u017cnie od tego, czy szukasz samotno\u015bci do refleksji, przygody po\u015br\u00f3d bogactw natury, czy po prostu przestrzeni do odpoczynku i ponownego nawi\u0105zania kontaktu z bliskimi, nasz domek nad jeziorem zaprasza z otwartymi ramionami.\u00a0Wybierz si\u0119 na spokojny spacer le\u015bnymi szlakami, odrzu\u0107 troski podczas dnia \u0142owienia ryb na spokojnych wodach lub wygrzewaj si\u0119 w z\u0142otych barwach zapieraj\u0105cego dech w piersiach zachodu s\u0142o\u0144ca maluj\u0105cego niebo.<span style=\"font-style: inherit; font-weight: inherit; text-align: var(--text-align); background-color: var(--ast-global-color-5); color: var(--ast-global-color-3);\">Wewn\u0105trz znajdziesz komfort i przytulno\u015b\u0107 w ka\u017cdym zak\u0105tku.\u00a0<\/span>Tutaj czas zwalnia do spokojnego tempa, pozwalaj\u0105c delektowa\u0107 si\u0119 ka\u017cd\u0105 chwil\u0105 i tworzy\u0107 wspomnienia, kt\u00f3re b\u0119d\u0105 piel\u0119gnowane przez d\u0142ugie lata.<\/p><p>Niezale\u017cnie od tego, czy szukasz przygody, czy spokoju, nasz domek nad jeziorem oferuje idealne miejsce na ucieczk\u0119 w obj\u0119cia natury.\u00a0<\/p><p>\u00a0<\/p>\t\t\t\t\t\t\t\t<\/div>\n\t\t\t\t<\/div>\n\t\t\t\t\t<\/div>\n\t\t\t\t<\/div>\n\t\t\t\t<div class=\"elementor-element elementor-element-49160ad elementor-widget-divider--view-line elementor-widget elementor-widget-divider\" data-id=\"49160ad\" data-element_type=\"widget\" data-widget_type=\"divider.default\">\n\t\t\t\t<div class=\"elementor-widget-container\">\n\t\t\t\t\t\t\t<div class=\"elementor-divider\">\n\t\t\t<span class=\"elementor-divider-separator\">\n\t\t\t\t\t\t<\/span>\n\t\t<\/div>\n\t\t\t\t\t\t<\/div>\n\t\t\t\t<\/div>\n\t\t<div class=\"elementor-element elementor-element-a306a4a e-flex e-con-boxed e-con e-child\" data-id=\"a306a4a\" data-element_type=\"container\">\n\t\t\t\t\t<div class=\"e-con-inner\">\n\t\t<div class=\"elementor-element elementor-element-5822dc4 e-flex e-con-boxed e-con e-child\" data-id=\"5822dc4\" data-element_type=\"container\">\n\t\t\t\t\t<div class=\"e-con-inner\">\n\t\t\t\t<div class=\"elementor-element elementor-element-85cc8cf elementor-widget elementor-widget-image\" data-id=\"85cc8cf\" data-element_type=\"widget\" data-widget_type=\"image.default\">\n\t\t\t\t<div class=\"elementor-widget-container\">\n\t\t\t\t\t\t\t\t\t\t\t\t\t\t\t<img fetchpriority=\"high\" decoding=\"async\" width=\"960\" height=\"1280\" src=\"https:\/\/lakehousenakielno.pl\/wp-content\/uploads\/2025\/01\/Nakielno-24-1.jpg\" class=\"attachment-full size-full wp-image-1900\" alt=\"\" srcset=\"https:\/\/lakehousenakielno.pl\/wp-content\/uploads\/2025\/01\/Nakielno-24-1.jpg 960w, https:\/\/lakehousenakielno.pl\/wp-content\/uploads\/2025\/01\/Nakielno-24-1-225x300.jpg 225w, https:\/\/lakehousenakielno.pl\/wp-content\/uploads\/2025\/01\/Nakielno-24-1-768x1024.jpg 768w\" sizes=\"(max-width: 960px) 100vw, 960px\" \/>\t\t\t\t\t\t\t\t\t\t\t\t\t\t\t<\/div>\n\t\t\t\t<\/div>\n\t\t\t\t<div class=\"elementor-element elementor-element-66d0917 elementor-widget elementor-widget-image-box\" data-id=\"66d0917\" data-element_type=\"widget\" data-widget_type=\"image-box.default\">\n\t\t\t\t<div class=\"elementor-widget-container\">\n\t\t\t\t\t<div class=\"elementor-image-box-wrapper\"><div class=\"elementor-image-box-content\"><p class=\"elementor-image-box-description\">Zanurz si\u0119 w czaruj\u0105cych obj\u0119ciach natury, eksploruj\u0105c lasy otaczaj\u0105ce nasz domek nad jeziorem.  Niezale\u017cnie od tego, czy szukasz samotno\u015bci do refleksji, czy przygody w\u015br\u00f3d dzikiej przyrody, lasy te oferuj\u0105 oaz\u0119 naturalnego pi\u0119kna czekaj\u0105c\u0105 na odkrycie.<\/p><\/div><\/div>\t\t\t\t<\/div>\n\t\t\t\t<\/div>\n\t\t\t\t\t<\/div>\n\t\t\t\t<\/div>\n\t\t<div class=\"elementor-element elementor-element-39b81fb e-flex e-con-boxed e-con e-child\" data-id=\"39b81fb\" data-element_type=\"container\">\n\t\t\t\t\t<div class=\"e-con-inner\">\n\t\t\t\t<div class=\"elementor-element elementor-element-66dde07 elementor-widget elementor-widget-image\" data-id=\"66dde07\" data-element_type=\"widget\" data-widget_type=\"image.default\">\n\t\t\t\t<div class=\"elementor-widget-container\">\n\t\t\t\t\t\t\t\t\t\t\t\t\t\t\t<img decoding=\"async\" width=\"768\" height=\"1024\" src=\"https:\/\/lakehousenakielno.pl\/wp-content\/uploads\/2024\/01\/Lake-1.jpg\" class=\"attachment-full size-full wp-image-1805\" alt=\"\" srcset=\"https:\/\/lakehousenakielno.pl\/wp-content\/uploads\/2024\/01\/Lake-1.jpg 768w, https:\/\/lakehousenakielno.pl\/wp-content\/uploads\/2024\/01\/Lake-1-225x300.jpg 225w\" sizes=\"(max-width: 768px) 100vw, 768px\" \/>\t\t\t\t\t\t\t\t\t\t\t\t\t\t\t<\/div>\n\t\t\t\t<\/div>\n\t\t\t\t<div class=\"elementor-element elementor-element-90cb059 elementor-widget elementor-widget-image-box\" data-id=\"90cb059\" data-element_type=\"widget\" data-widget_type=\"image-box.default\">\n\t\t\t\t<div class=\"elementor-widget-container\">\n\t\t\t\t\t<div class=\"elementor-image-box-wrapper\"><div class=\"elementor-image-box-content\"><p class=\"elementor-image-box-description\">Szukasz ekscytuj\u0105cych chwil w orze\u017awiaj\u0105cej wodzie, na desce czy w kajaku, czy spokojnych chwil nad brzegiem?\nLakehouse Nakielno zapewni ka\u017cdemu niezapomniane wra\u017cenia. <\/p><\/div><\/div>\t\t\t\t<\/div>\n\t\t\t\t<\/div>\n\t\t\t\t\t<\/div>\n\t\t\t\t<\/div>\n\t\t<div class=\"elementor-element elementor-element-db379a5 e-flex e-con-boxed e-con e-child\" data-id=\"db379a5\" data-element_type=\"container\">\n\t\t\t\t\t<div class=\"e-con-inner\">\n\t\t\t\t<div class=\"elementor-element elementor-element-ece35b4 elementor-widget elementor-widget-image\" data-id=\"ece35b4\" data-element_type=\"widget\" data-widget_type=\"image.default\">\n\t\t\t\t<div class=\"elementor-widget-container\">\n\t\t\t\t\t\t\t\t\t\t\t\t\t\t\t<img decoding=\"async\" width=\"1512\" height=\"2016\" src=\"https:\/\/lakehousenakielno.pl\/wp-content\/uploads\/2025\/01\/Nakielno-24-3.jpg\" class=\"attachment-full size-full wp-image-1901\" alt=\"\" srcset=\"https:\/\/lakehousenakielno.pl\/wp-content\/uploads\/2025\/01\/Nakielno-24-3.jpg 1512w, https:\/\/lakehousenakielno.pl\/wp-content\/uploads\/2025\/01\/Nakielno-24-3-225x300.jpg 225w, https:\/\/lakehousenakielno.pl\/wp-content\/uploads\/2025\/01\/Nakielno-24-3-768x1024.jpg 768w, https:\/\/lakehousenakielno.pl\/wp-content\/uploads\/2025\/01\/Nakielno-24-3-1152x1536.jpg 1152w\" sizes=\"(max-width: 1512px) 100vw, 1512px\" \/>\t\t\t\t\t\t\t\t\t\t\t\t\t\t\t<\/div>\n\t\t\t\t<\/div>\n\t\t\t\t<div class=\"elementor-element elementor-element-a9f0e53 elementor-widget elementor-widget-image-box\" data-id=\"a9f0e53\" data-element_type=\"widget\" data-widget_type=\"image-box.default\">\n\t\t\t\t<div class=\"elementor-widget-container\">\n\t\t\t\t\t<div class=\"elementor-image-box-wrapper\"><div class=\"elementor-image-box-content\"><p class=\"elementor-image-box-description\">Ka\u017cdej jesieni okoliczne lasy zamieniaj\u0105 si\u0119 w raj dla zbieraczy pe\u0142en grzyb\u00f3w czekaj\u0105cych na odkrycie. Poczuj magi\u0119 jesieni, dreszczyk emocji zwi\u0105zany z grzybobraniem i komfort domu w sercu lasu.<\/p><\/div><\/div>\t\t\t\t<\/div>\n\t\t\t\t<\/div>\n\t\t\t\t\t<\/div>\n\t\t\t\t<\/div>\n\t\t\t\t\t<\/div>\n\t\t\t\t<\/div>\n\t\t\t\t\t<\/div>\n\t\t\t\t<\/div>\n\t\t\t\t\t<\/div>\n\t\t\t\t<\/div>\n\t\t<div class=\"elementor-element elementor-element-3ef057f e-flex e-con-boxed e-con e-parent\" data-id=\"3ef057f\" data-element_type=\"container\" data-settings=\"{&quot;background_background&quot;:&quot;classic&quot;}\">\n\t\t\t\t\t<div class=\"e-con-inner\">\n\t\t\t\t<div class=\"elementor-element elementor-element-9904e56 elementor-widget elementor-widget-heading\" data-id=\"9904e56\" data-element_type=\"widget\" data-widget_type=\"heading.default\">\n\t\t\t\t<div class=\"elementor-widget-container\">\n\t\t\t\t\t<h2 class=\"elementor-heading-title elementor-size-default\">\u201cFantastic house in a beautiful conservation area by the lake.\nWe are definitely coming back as we had an absolutely amazing time\u201d\n\nRogerio Do Nascimento<\/h2>\t\t\t\t<\/div>\n\t\t\t\t<\/div>\n\t\t\t\t<div class=\"elementor-element elementor-element-133de23 elementor-align-center elementor-widget__width-initial elementor-widget elementor-widget-button\" data-id=\"133de23\" data-element_type=\"widget\" data-widget_type=\"button.default\">\n\t\t\t\t<div class=\"elementor-widget-container\">\n\t\t\t\t\t\t\t\t\t<div class=\"elementor-button-wrapper\">\n\t\t\t\t\t<a class=\"elementor-button elementor-button-link elementor-size-sm\" href=\"https:\/\/lakehousenakielno.pl\/index.php\/kontakt\/\">\n\t\t\t\t\t\t<span class=\"elementor-button-content-wrapper\">\n\t\t\t\t\t\t\t\t\t<span class=\"elementor-button-text\">rezerwuj<\/span>\n\t\t\t\t\t<\/span>\n\t\t\t\t\t<\/a>\n\t\t\t\t<\/div>\n\t\t\t\t\t\t\t\t<\/div>\n\t\t\t\t<\/div>\n\t\t\t\t\t<\/div>\n\t\t\t\t<\/div>\n\t\t\t\t<\/div>\n\t\t","protected":false},"excerpt":{"rendered":"<p>lakehouse nakielno cisza, ja i las. Witamy w naszym zaciszu po\u0142o\u017conym w sercu natury \u2013 uroczym sanktuarium nad jeziorem, kt\u00f3re czeka na Twoje przybycie. Ukryta w spokojnym zak\u0105tku, otoczona bujnymi drzewami i rozleg\u0142ymi lasami, nasza przysta\u0144 oferuje wytchnienie od zgie\u0142ku codziennego \u017cycia. Wyobra\u017a sobie, \u017ce budzisz si\u0119 przy delikatnym szele\u015bcie li\u015bci i melodyjnej symfonii \u015bpiewu &hellip;<\/p>\n<p class=\"read-more\"> <a class=\"\" href=\"https:\/\/lakehousenakielno.pl\/\"> <span class=\"screen-reader-text\">Home<\/span> Read More &raquo;<\/a><\/p>\n","protected":false},"author":2,"featured_media":0,"parent":0,"menu_order":0,"comment_status":"closed","ping_status":"closed","template":"","meta":{"site-sidebar-layout":"no-sidebar","site-content-layout":"page-builder","ast-site-content-layout":"full-width-container","site-content-style":"unboxed","site-sidebar-style":"unboxed","ast-global-header-display":"","ast-banner-title-visibility":"","ast-main-header-display":"","ast-hfb-above-header-display":"","ast-hfb-below-header-display":"","ast-hfb-mobile-header-display":"","site-post-title":"disabled","ast-breadcrumbs-content":"","ast-featured-img":"disabled","footer-sml-layout":"","theme-transparent-header-meta":"enabled","adv-header-id-meta":"","stick-header-meta":"","header-above-stick-meta":"","header-main-stick-meta":"","header-below-stick-meta":"","astra-migrate-meta-layouts":"set","ast-page-background-enabled":"default","ast-page-background-meta":{"desktop":{"background-color":"var(--ast-global-color-4)","background-image":"","background-repeat":"repeat","background-position":"center center","background-size":"auto","background-attachment":"scroll","background-type":"","background-media":"","overlay-type":"","overlay-color":"","overlay-gradient":""},"tablet":{"background-color":"","background-image":"","background-repeat":"repeat","background-position":"center center","background-size":"auto","background-attachment":"scroll","background-type":"","background-media":"","overlay-type":"","overlay-color":"","overlay-gradient":""},"mobile":{"background-color":"","background-image":"","background-repeat":"repeat","background-position":"center center","background-size":"auto","background-attachment":"scroll","background-type":"","background-media":"","overlay-type":"","overlay-color":"","overlay-gradient":""}},"ast-content-background-meta":{"desktop":{"background-color":"var(--ast-global-color-5)","background-image":"","background-repeat":"repeat","background-position":"center center","background-size":"auto","background-attachment":"scroll","background-type":"","background-media":"","overlay-type":"","overlay-color":"","overlay-gradient":""},"tablet":{"background-color":"var(--ast-global-color-5)","background-image":"","background-repeat":"repeat","background-position":"center center","background-size":"auto","background-attachment":"scroll","background-type":"","background-media":"","overlay-type":"","overlay-color":"","overlay-gradient":""},"mobile":{"background-color":"var(--ast-global-color-5)","background-image":"","background-repeat":"repeat","background-position":"center center","background-size":"auto","background-attachment":"scroll","background-type":"","background-media":"","overlay-type":"","overlay-color":"","overlay-gradient":""}},"footnotes":""},"class_list":["post-1714","page","type-page","status-publish","hentry"],"_links":{"self":[{"href":"https:\/\/lakehousenakielno.pl\/index.php\/wp-json\/wp\/v2\/pages\/1714","targetHints":{"allow":["GET"]}}],"collection":[{"href":"https:\/\/lakehousenakielno.pl\/index.php\/wp-json\/wp\/v2\/pages"}],"about":[{"href":"https:\/\/lakehousenakielno.pl\/index.php\/wp-json\/wp\/v2\/types\/page"}],"author":[{"embeddable":true,"href":"https:\/\/lakehousenakielno.pl\/index.php\/wp-json\/wp\/v2\/users\/2"}],"replies":[{"embeddable":true,"href":"https:\/\/lakehousenakielno.pl\/index.php\/wp-json\/wp\/v2\/comments?post=1714"}],"version-history":[{"count":112,"href":"https:\/\/lakehousenakielno.pl\/index.php\/wp-json\/wp\/v2\/pages\/1714\/revisions"}],"predecessor-version":[{"id":2104,"href":"https:\/\/lakehousenakielno.pl\/index.php\/wp-json\/wp\/v2\/pages\/1714\/revisions\/2104"}],"wp:attachment":[{"href":"https:\/\/lakehousenakielno.pl\/index.php\/wp-json\/wp\/v2\/media?parent=1714"}],"curies":[{"name":"wp","href":"https:\/\/api.w.org\/{rel}","templated":true}]}}