{"id":1716,"date":"2021-11-21T15:14:41","date_gmt":"2021-11-21T15:14:41","guid":{"rendered":"https:\/\/irmina.webprofitstudio.pl\/index.php\/services\/"},"modified":"2025-01-31T16:57:38","modified_gmt":"2025-01-31T16:57:38","slug":"okolica","status":"publish","type":"page","link":"https:\/\/lakehousenakielno.pl\/index.php\/okolica\/","title":{"rendered":"okolica"},"content":{"rendered":"\t\t<div data-elementor-type=\"wp-page\" data-elementor-id=\"1716\" class=\"elementor elementor-1716\">\n\t\t\t\t<div class=\"elementor-element elementor-element-93263f3 e-flex e-con-boxed e-con e-parent\" data-id=\"93263f3\" data-element_type=\"container\" data-settings=\"{&quot;background_background&quot;:&quot;classic&quot;}\">\n\t\t\t\t\t<div class=\"e-con-inner\">\n\t\t<div class=\"elementor-element elementor-element-6c32ff7 e-flex e-con-boxed e-con e-child\" data-id=\"6c32ff7\" data-element_type=\"container\">\n\t\t\t\t\t<div class=\"e-con-inner\">\n\t\t\t\t<div class=\"elementor-element elementor-element-888fcee elementor-widget elementor-widget-heading\" data-id=\"888fcee\" data-element_type=\"widget\" data-widget_type=\"heading.default\">\n\t\t\t\t<div class=\"elementor-widget-container\">\n\t\t\t\t\t<h1 class=\"elementor-heading-title elementor-size-default\">pojezierze wa\u0142eckie<\/h1>\t\t\t\t<\/div>\n\t\t\t\t<\/div>\n\t\t\t\t\t<\/div>\n\t\t\t\t<\/div>\n\t\t\t\t\t<\/div>\n\t\t\t\t<\/div>\n\t\t<div class=\"elementor-element elementor-element-4cb475b e-con-full e-flex e-con e-parent\" data-id=\"4cb475b\" data-element_type=\"container\">\n\t\t<div class=\"elementor-element elementor-element-9741bfd e-con-full e-flex e-con e-child\" data-id=\"9741bfd\" data-element_type=\"container\" data-settings=\"{&quot;background_background&quot;:&quot;classic&quot;}\">\n\t\t\t\t<div class=\"elementor-element elementor-element-08e9b5e elementor-widget elementor-widget-heading\" data-id=\"08e9b5e\" data-element_type=\"widget\" data-widget_type=\"heading.default\">\n\t\t\t\t<div class=\"elementor-widget-container\">\n\t\t\t\t\t<h2 class=\"elementor-heading-title elementor-size-default\">jeziora<\/h2>\t\t\t\t<\/div>\n\t\t\t\t<\/div>\n\t\t\t\t<\/div>\n\t\t<div class=\"elementor-element elementor-element-458f621 e-con-full e-flex e-con e-child\" data-id=\"458f621\" data-element_type=\"container\" data-settings=\"{&quot;background_background&quot;:&quot;classic&quot;}\">\n\t\t\t\t<div class=\"elementor-element elementor-element-a84f345 elementor-widget-mobile__width-initial elementor-widget elementor-widget-text-editor\" data-id=\"a84f345\" data-element_type=\"widget\" data-widget_type=\"text-editor.default\">\n\t\t\t\t<div class=\"elementor-widget-container\">\n\t\t\t\t\t\t\t\t\t<p>\u00a0<\/p><p>Jezioro <strong>Byty\u0144 Wielki<\/strong>, po\u0142o\u017cone z ty\u0142u domu,to jedno z najwi\u0119kszych jezior w regionie.Rozleg\u0142a linia brzegowa oferuje ciche zatoczki, idealne na pikniki lub po prostu rozkoszowanie si\u0119 pi\u0119knem natury.Jest to tak\u017ce ulubione miejsce mi\u0142o\u015bnik\u00f3w wodnych atrakcji. Jego spokojne wody s\u0105 idealne do p\u0142ywania kajakiem, SUP-em i w\u0119dkowania.<\/p><p>Inne jeziora warte wspomnienia,po\u0142o\u017cone niedaleko miasta Wa\u0142cz to jezioro <strong>Radu\u0144<\/strong> zajmuj\u0105ce powierzchni\u0119 ponad 227 hektar\u00f3w o g\u0142\u0119boko\u015bci si\u0119gaj\u0105cej 25 metr\u00f3w. Charakterystyczny most wisz\u0105cy rozci\u0105gaj\u0105cy si\u0119 nad wodami dodaje odrobin\u0119 architektonicznego uroku, czyni\u0105c go ulubionym miejscem fotograf\u00f3w i poszukiwaczy przyg\u00f3d.<\/p><p>Jezioro <strong>Zamkowe<\/strong>, to kolejna pere\u0142ka w sercu Wa\u0142cza.\u00a0 G\u0142\u0119boko\u015b\u0107 41 metr\u00f3w i szmaragdowa woda przyci\u0105gaj\u0105 poszukuj\u0105cych chwil spokoju lub orze\u017awiaj\u0105cej k\u0105pieli w ciep\u0142e letnie dni.<\/p>\t\t\t\t\t\t\t\t<\/div>\n\t\t\t\t<\/div>\n\t\t\t\t<\/div>\n\t\t\t\t<\/div>\n\t\t<div class=\"elementor-element elementor-element-f270834 e-con-full e-flex e-con e-parent\" data-id=\"f270834\" data-element_type=\"container\">\n\t\t<div class=\"elementor-element elementor-element-d82f624 e-con-full e-flex e-con e-child\" data-id=\"d82f624\" data-element_type=\"container\" data-settings=\"{&quot;background_background&quot;:&quot;classic&quot;}\">\n\t\t\t\t<div class=\"elementor-element elementor-element-3bf5c7b elementor-widget elementor-widget-heading\" data-id=\"3bf5c7b\" data-element_type=\"widget\" data-widget_type=\"heading.default\">\n\t\t\t\t<div class=\"elementor-widget-container\">\n\t\t\t\t\t<h2 class=\"elementor-heading-title elementor-size-default\">lasy<\/h2>\t\t\t\t<\/div>\n\t\t\t\t<\/div>\n\t\t\t\t<\/div>\n\t\t<div class=\"elementor-element elementor-element-dda9887 e-con-full e-flex e-con e-child\" data-id=\"dda9887\" data-element_type=\"container\">\n\t\t\t\t<div class=\"elementor-element elementor-element-ed08cdd elementor-widget__width-initial elementor-widget-mobile__width-initial elementor-widget elementor-widget-text-editor\" data-id=\"ed08cdd\" data-element_type=\"widget\" data-widget_type=\"text-editor.default\">\n\t\t\t\t<div class=\"elementor-widget-container\">\n\t\t\t\t\t\t\t\t\tLasy otaczaj\u0105ce lakehouse Nakielno, po\u0142o\u017cone nad brzegiem malowniczego jeziora, to bogaty gobelin wysokich sosen, wiekowych d\u0119b\u00f3w i delikatnych brz\u00f3z. Powietrze jest \u015bwie\u017ce i nasycone ziemistym aromatem mchu, igie\u0142 sosnowych i kwitn\u0105cych polnych kwiat\u00f3w. Przez las wij\u0105 si\u0119 \u0142agodne szlaki, zach\u0119caj\u0105ce go\u015bci do odkrywania spokojnego pi\u0119kna okolicy\nspaceruj\u0105c lub je\u017cd\u017c\u0105c na rowerze.\n\nWiosn\u0105 i latem w krajobrazie dominuj\u0105 \u017cywe zielone li\u015bcie, tworz\u0105c baldachim, kt\u00f3ry filtruje \u015bwiat\u0142o s\u0142oneczne w c\u0119tkowane wzory na dnie lasu. Las o\u017cywa odg\u0142osami \u015bpiewu ptak\u00f3w, szelestem li\u015bci i od czasu do czasu szelestem ma\u0142ych zwierz\u0105t, takich jak jelenie, lisy czy wiewi\u00f3rki. Jesieni\u0105 las zamienia si\u0119 w kalejdoskop kolor\u00f3w, ze z\u0142ocistymi \u017c\u00f3\u0142ciami, ognistymi pomara\u0144czami i g\u0142\u0119bok\u0105 czerwieni\u0105 pokrywaj\u0105cymi drzewa. Zima przynosi cich\u0105 magi\u0119, gdy \u015bnieg opyla ga\u0142\u0119zie i tworzy spokojn\u0105, niemal nieziemsk\u0105 atmosfer\u0119.\t\t\t\t\t\t\t\t<\/div>\n\t\t\t\t<\/div>\n\t\t\t\t<\/div>\n\t\t\t\t<\/div>\n\t\t<div class=\"elementor-element elementor-element-89f0651 e-con-full e-flex e-con e-parent\" data-id=\"89f0651\" data-element_type=\"container\">\n\t\t<div class=\"elementor-element elementor-element-0d63c59 e-con-full e-flex e-con e-child\" data-id=\"0d63c59\" data-element_type=\"container\" data-settings=\"{&quot;background_background&quot;:&quot;classic&quot;}\">\n\t\t\t\t<div class=\"elementor-element elementor-element-a1e0266 elementor-widget elementor-widget-heading\" data-id=\"a1e0266\" data-element_type=\"widget\" data-widget_type=\"heading.default\">\n\t\t\t\t<div class=\"elementor-widget-container\">\n\t\t\t\t\t<h2 class=\"elementor-heading-title elementor-size-default\">rzeki<\/h2>\t\t\t\t<\/div>\n\t\t\t\t<\/div>\n\t\t\t\t<\/div>\n\t\t<div class=\"elementor-element elementor-element-4897024 e-con-full e-flex e-con e-child\" data-id=\"4897024\" data-element_type=\"container\">\n\t\t\t\t<div class=\"elementor-element elementor-element-2bb6f6b elementor-widget-mobile__width-initial elementor-widget elementor-widget-text-editor\" data-id=\"2bb6f6b\" data-element_type=\"widget\" data-widget_type=\"text-editor.default\">\n\t\t\t\t<div class=\"elementor-widget-container\">\n\t\t\t\t\t\t\t\t\t<p><strong>Rzeka Dobrzyca<\/strong> jest jedn\u0105 z najwa\u017cniejszych rzek w rejonie Wa\u0142cza.\u0141agodny nurt, kr\u0119ty bieg i czysta woda sprawiaj\u0105, \u017ce jest to ulubione miejsce mi\u0142o\u015bnik\u00f3w kajakarstwa i kajakarstwa. Powszechne s\u0105 zorganizowane wycieczki, dzi\u0119ki kt\u00f3rym uczestnicy mog\u0105 cieszy\u0107 si\u0119 malownicz\u0105 okolic\u0105 i dzik\u0105 przyrod\u0105.<br \/>Dobrzyca jest bogata w ryby, w tym pstr\u0105gi i inne gatunki, co czyni j\u0105 ulubionym miejscem w\u0119dkarzy.<br \/>Kolejn\u0105 wa\u017cn\u0105 drog\u0105 wodn\u0105 regionu jest <strong>rzeka Gwda<\/strong>, p\u0142yn\u0105ca na po\u0142udnie i ostatecznie \u0142\u0105cz\u0105ca si\u0119 z Noteci\u0105. Przebiega przez malownicze krajobrazy i lasy, a jej brzeg jest domem dla r\u00f3\u017cnorodnych gatunk\u00f3w ptak\u00f3w co czyni j\u0105 wspania\u0142ym celem dla mi\u0142o\u015bnik\u00f3w przyrody.<\/p><p>Okolice Wa\u0142cza usiane s\u0105 mniejszymi rzekami i potokami, z kt\u00f3rych wiele wp\u0142ywa do licznych pobliskich jezior. Te drogi wodne s\u0105 cz\u0119sto otoczone lasami i \u0142\u0105kami, zapewniaj\u0105c spokojne miejsce do pieszych w\u0119dr\u00f3wek, piknik\u00f3w i odkrywania przyrody.<\/p>\t\t\t\t\t\t\t\t<\/div>\n\t\t\t\t<\/div>\n\t\t\t\t<\/div>\n\t\t\t\t<\/div>\n\t\t<div class=\"elementor-element elementor-element-c96eca9 e-flex e-con-boxed e-con e-parent\" data-id=\"c96eca9\" data-element_type=\"container\" data-settings=\"{&quot;background_background&quot;:&quot;classic&quot;}\">\n\t\t\t\t\t<div class=\"e-con-inner\">\n\t\t<div class=\"elementor-element elementor-element-5db1738 e-con-full e-flex e-con e-child\" data-id=\"5db1738\" data-element_type=\"container\">\n\t\t\t\t<div class=\"elementor-element elementor-element-7e98b1d elementor-widget elementor-widget-heading\" data-id=\"7e98b1d\" data-element_type=\"widget\" data-widget_type=\"heading.default\">\n\t\t\t\t<div class=\"elementor-widget-container\">\n\t\t\t\t\t<h4 class=\"elementor-heading-title elementor-size-default\">inne okoliczne atrakcje :<\/h4>\t\t\t\t<\/div>\n\t\t\t\t<\/div>\n\t\t\t\t<div class=\"elementor-element elementor-element-d7c939b elementor-widget elementor-widget-text-editor\" data-id=\"d7c939b\" data-element_type=\"widget\" data-widget_type=\"text-editor.default\">\n\t\t\t\t<div class=\"elementor-widget-container\">\n\t\t\t\t\t\t\t\t\t<ul><li><strong>Czarodziejska G\u00f3rka<\/strong> \u2013 magiczne wzg\u00f3rze, na kt\u00f3rym grawitacja robi sobie przerw\u0119 na kaw\u0119. Obserwuj, jak Tw\u00f3j samoch\u00f3d toczy si\u0119 pod g\u00f3r\u0119 i kwestionuj wszystko, co wiesz o nauce.<\/li><li><strong>Centralny O\u015brodek Sportu<\/strong> \u2013 sportowy raj, w kt\u00f3rym mo\u017cesz jak zawodowiec rozbi\u0107 pi\u0142ki tenisowe lub wynaj\u0105\u0107 sal\u0119 i udawa\u0107, \u017ce jeste\u015b na olimpiadzie. Bonus: nikt nie ocenia Twojego braku koordynacji.<\/li><li><strong>Strzelnica<\/strong> \u2013 Uwolnij swojego wewn\u0119trznego bohatera akcji. Niezale\u017cnie od tego, czy jeste\u015b Jamesem Bondem, czy po prostu starasz si\u0119 nie chybi\u0107 celu, na tej strzelnicy znajdziesz co\u015b dla siebie<\/li><li><strong>Skansen Fortyfikacyjny<\/strong> w Wa\u0142czu \u2013 Historia spotyka fajne bunkry. Przegl\u0105daj stare fortyfikacje i udawaj, \u017ce grasz w filmie o II wojnie \u015bwiatowej.<\/li><li><strong>Sp\u0142ywy Kajakowe<\/strong> \u2013 Wios\u0142uj do spokoju\u2026 lub chaosu, w zale\u017cno\u015bci od tego, jak dobrze sterujesz. Idealny do tworzenia wi\u0119zi lub k\u0142\u00f3tni o to, kto wykonuje ca\u0142\u0105 prac\u0119.<\/li><li><strong>Park Linowy Rudnica<\/strong> \u2013\u00a0 Hu\u015btaj si\u0119 jak Tarzan, ko\u0142ysaj\u00a0 jak meduza na chwiejnych mostach i pokonaj sw\u00f3j l\u0119k wysoko\u015bci (lub potwierd\u017a go).<\/li><li><strong>Wycieczki rowerowe<\/strong>&#8211; okolica to absolutny raj dla rowerzyst\u00f3w \u2013 kraina czar\u00f3w dla dw\u00f3ch k\u00f3\u0142ek, w kt\u00f3rej przyroda, historia i przygoda \u0142\u0105cz\u0105 si\u0119, tworz\u0105c najlepsze wra\u017cenia z jazdy na rowerze. Niezale\u017cnie od tego, czy jeste\u015b do\u015bwiadczonym rowerzyst\u0105, okazjonalnym je\u017ad\u017acem, czy po prostu szukasz pretekstu do za\u0142o\u017cenia obcis\u0142ych spodenek, Wa\u0142cz ma co\u015b dla Ciebie<\/li><\/ul>\t\t\t\t\t\t\t\t<\/div>\n\t\t\t\t<\/div>\n\t\t\t\t<\/div>\n\t\t\t\t\t<\/div>\n\t\t\t\t<\/div>\n\t\t\t\t<\/div>\n\t\t","protected":false},"excerpt":{"rendered":"<p>pojezierze wa\u0142eckie jeziora \u00a0 Jezioro Byty\u0144 Wielki, po\u0142o\u017cone z ty\u0142u domu,to jedno z najwi\u0119kszych jezior w regionie.Rozleg\u0142a linia brzegowa oferuje ciche zatoczki, idealne na pikniki lub po prostu rozkoszowanie si\u0119 pi\u0119knem natury.Jest to tak\u017ce ulubione miejsce mi\u0142o\u015bnik\u00f3w wodnych atrakcji. Jego spokojne wody s\u0105 idealne do p\u0142ywania kajakiem, SUP-em i w\u0119dkowania. Inne jeziora warte wspomnienia,po\u0142o\u017cone niedaleko &hellip;<\/p>\n<p class=\"read-more\"> <a class=\"\" href=\"https:\/\/lakehousenakielno.pl\/index.php\/okolica\/\"> <span class=\"screen-reader-text\">okolica<\/span> Read More &raquo;<\/a><\/p>\n","protected":false},"author":2,"featured_media":0,"parent":0,"menu_order":0,"comment_status":"closed","ping_status":"closed","template":"","meta":{"site-sidebar-layout":"no-sidebar","site-content-layout":"page-builder","ast-site-content-layout":"","site-content-style":"default","site-sidebar-style":"default","ast-global-header-display":"","ast-banner-title-visibility":"","ast-main-header-display":"","ast-hfb-above-header-display":"","ast-hfb-below-header-display":"","ast-hfb-mobile-header-display":"","site-post-title":"disabled","ast-breadcrumbs-content":"","ast-featured-img":"disabled","footer-sml-layout":"","theme-transparent-header-meta":"enabled","adv-header-id-meta":"","stick-header-meta":"","header-above-stick-meta":"","header-main-stick-meta":"","header-below-stick-meta":"","astra-migrate-meta-layouts":"default","ast-page-background-enabled":"default","ast-page-background-meta":{"desktop":{"background-color":"var(--ast-global-color-4)","background-image":"","background-repeat":"repeat","background-position":"center center","background-size":"auto","background-attachment":"scroll","background-type":"","background-media":"","overlay-type":"","overlay-color":"","overlay-gradient":""},"tablet":{"background-color":"","background-image":"","background-repeat":"repeat","background-position":"center center","background-size":"auto","background-attachment":"scroll","background-type":"","background-media":"","overlay-type":"","overlay-color":"","overlay-gradient":""},"mobile":{"background-color":"","background-image":"","background-repeat":"repeat","background-position":"center center","background-size":"auto","background-attachment":"scroll","background-type":"","background-media":"","overlay-type":"","overlay-color":"","overlay-gradient":""}},"ast-content-background-meta":{"desktop":{"background-color":"var(--ast-global-color-5)","background-image":"","background-repeat":"repeat","background-position":"center center","background-size":"auto","background-attachment":"scroll","background-type":"","background-media":"","overlay-type":"","overlay-color":"","overlay-gradient":""},"tablet":{"background-color":"var(--ast-global-color-5)","background-image":"","background-repeat":"repeat","background-position":"center center","background-size":"auto","background-attachment":"scroll","background-type":"","background-media":"","overlay-type":"","overlay-color":"","overlay-gradient":""},"mobile":{"background-color":"var(--ast-global-color-5)","background-image":"","background-repeat":"repeat","background-position":"center center","background-size":"auto","background-attachment":"scroll","background-type":"","background-media":"","overlay-type":"","overlay-color":"","overlay-gradient":""}},"footnotes":""},"class_list":["post-1716","page","type-page","status-publish","hentry"],"_links":{"self":[{"href":"https:\/\/lakehousenakielno.pl\/index.php\/wp-json\/wp\/v2\/pages\/1716","targetHints":{"allow":["GET"]}}],"collection":[{"href":"https:\/\/lakehousenakielno.pl\/index.php\/wp-json\/wp\/v2\/pages"}],"about":[{"href":"https:\/\/lakehousenakielno.pl\/index.php\/wp-json\/wp\/v2\/types\/page"}],"author":[{"embeddable":true,"href":"https:\/\/lakehousenakielno.pl\/index.php\/wp-json\/wp\/v2\/users\/2"}],"replies":[{"embeddable":true,"href":"https:\/\/lakehousenakielno.pl\/index.php\/wp-json\/wp\/v2\/comments?post=1716"}],"version-history":[{"count":55,"href":"https:\/\/lakehousenakielno.pl\/index.php\/wp-json\/wp\/v2\/pages\/1716\/revisions"}],"predecessor-version":[{"id":2127,"href":"https:\/\/lakehousenakielno.pl\/index.php\/wp-json\/wp\/v2\/pages\/1716\/revisions\/2127"}],"wp:attachment":[{"href":"https:\/\/lakehousenakielno.pl\/index.php\/wp-json\/wp\/v2\/media?parent=1716"}],"curies":[{"name":"wp","href":"https:\/\/api.w.org\/{rel}","templated":true}]}}